{"id":7,"date":"2025-04-18T17:33:54","date_gmt":"2025-04-18T15:33:54","guid":{"rendered":"http:\/\/wp12672448.server-he.de\/spannmann\/?page_id=7"},"modified":"2025-12-03T08:09:43","modified_gmt":"2025-12-03T07:09:43","slug":"willkommen","status":"publish","type":"page","link":"https:\/\/spannmann.de\/","title":{"rendered":"Willkommen"},"content":{"rendered":"\n<div class=\"wp-block-buttons alignwide has-custom-font-size has-medium-font-size is-content-justification-center is-layout-flex wp-container-core-buttons-is-layout-5590e8cb wp-block-buttons-is-layout-flex\">\n<div class=\"wp-block-button\"><a class=\"wp-block-button__link wp-element-button\" href=\"http:\/\/spannmann.de\/index.php\/kontakt\/\">Mitmachen!<\/a><\/div>\n\n\n\n<div class=\"wp-block-button\"><a class=\"wp-block-button__link wp-element-button\" href=\"http:\/\/spannmann.de\/index.php\/dokumente\/\">Dokumente<\/a><\/div>\n\n\n\n<div class=\"wp-block-button\"><a class=\"wp-block-button__link wp-element-button\" href=\"http:\/\/spannmann.de\/index.php\/woerterbuch\/\">W\u00f6rterbuch<\/a><\/div>\n\n\n\n<div class=\"wp-block-button\"><a class=\"wp-block-button__link wp-element-button\" href=\"http:\/\/spannmann.de\/index.php\/blog\/\">Blog<\/a><\/div>\n<\/div>\n\n\n\n<div class=\"wp-block-group alignfull\" style=\"margin-top:0;margin-bottom:0\"><div class=\"wp-block-group__inner-container is-layout-constrained wp-block-group-is-layout-constrained\">\n<div class=\"wp-block-columns alignfull is-layout-flex wp-container-core-columns-is-layout-3058809c wp-block-columns-is-layout-flex\">\n<div class=\"wp-block-column is-vertically-aligned-center is-layout-constrained wp-container-core-column-is-layout-afb388fb wp-block-column-is-layout-constrained\" style=\"padding-top:var(--wp--preset--spacing--60);padding-right:var(--wp--preset--spacing--60);padding-bottom:var(--wp--preset--spacing--60);padding-left:var(--wp--preset--spacing--60)\">\n<p><strong>Spannmann <\/strong>(bzw. Spannm\u00e4nner) bezeichnet im allgemeinen Personen, die gemeinsam von einem Vorgesetzten zugewiesene Arbeit verrichten &#8222;m\u00fcssen&#8220;.<br>Im Strafvollzug steht dieser Begriff f\u00fcr einen zugewiesener &#8222;Mitbewohner&#8220;, mit dem sich ein Gefangener eine Zelle (bzw. Haftraum) teilen muss.<\/p>\n\n\n\n<p>Spannm\u00e4nner sind nach einer gewissen Zeit miteinander verbr\u00fcdert. Sodass sich besondere Beziehungen zwischen diesen Inhaftierten entwickeln. <\/p>\n\n\n\n<p>F\u00fcr diese Internetseite ist dieser Begriff gew\u00e4hlt worden, da es sich hier um ein Solidarit\u00e4tsprojekt unter Gefangenen (bzw. ehemaligen Gefangenen) handelt.<\/p>\n\n\n\n<p>F\u00fcr Freunde und\/oder Familienangeh\u00f6rige von Inhaftierten soll hier ebenfalls Orientierung geboten werden. <br>Tipp: Sagt den Jungs nicht, dass sie selbst an ihrer Situation schuld haben. Dass wissen die!<\/p>\n\n\n\n<hr class=\"wp-block-separator has-alpha-channel-opacity\"\/>\n\n\n\n<p class=\"has-text-align-center\">Es folgen alle m\u00f6glichen Blog Beitr\u00e4ge:<\/p>\n\n\n\n<div class=\"wp-block-query is-layout-constrained wp-block-query-is-layout-constrained\">\n\n\n<div class=\"wp-block-group\" style=\"margin-top:0;margin-bottom:0;padding-top:var(--wp--preset--spacing--50);padding-right:0;padding-bottom:var(--wp--preset--spacing--50);padding-left:0\"><div class=\"wp-block-group__inner-container is-layout-flow wp-block-group-is-layout-flow\"><ul class=\"alignfull wp-block-post-template is-layout-flow wp-block-post-template-is-layout-flow\"><li class=\"wp-block-post post-165 post type-post status-publish format-standard has-post-thumbnail hentry category-allgemein\">\n<figure style=\"aspect-ratio:3\/2; margin-bottom:var(--wp--preset--spacing--20);\" class=\"wp-block-post-featured-image\"><a href=\"https:\/\/spannmann.de\/index.php\/2025\/05\/01\/twitter-ach-nee-x\/\" target=\"_self\"  ><img loading=\"lazy\" decoding=\"async\" width=\"612\" height=\"613\" src=\"https:\/\/spannmann.de\/wp-content\/uploads\/2025\/04\/x_logo.png\" class=\"attachment-post-thumbnail size-post-thumbnail wp-post-image\" alt=\"Twitter&#8230; ach nee X\" style=\"width:100%;height:100%;object-fit:cover;\" srcset=\"https:\/\/spannmann.de\/wp-content\/uploads\/2025\/04\/x_logo.png 612w, https:\/\/spannmann.de\/wp-content\/uploads\/2025\/04\/x_logo-300x300.png 300w, https:\/\/spannmann.de\/wp-content\/uploads\/2025\/04\/x_logo-150x150.png 150w\" sizes=\"auto, (max-width: 612px) 100vw, 612px\" \/><\/a><\/figure>\n\n\n<div class=\"wp-block-group is-vertical is-nowrap is-layout-flex wp-container-core-group-is-layout-e24a6dc5 wp-block-group-is-layout-flex\"><h2 style=\"margin-bottom:0;\" class=\"wp-block-post-title has-x-large-font-size\"><a href=\"https:\/\/spannmann.de\/index.php\/2025\/05\/01\/twitter-ach-nee-x\/\" target=\"_self\" >Twitter&#8230; ach nee X<\/a><\/h2>\n\n\n\n<div class=\"wp-block-post-excerpt has-small-font-size\"><p class=\"wp-block-post-excerpt__excerpt\">Bei X findet Ihr dann Neuigkeiten und den neuesten Tratsch, aus den Gef\u00e4ngnissen unseres Landes. <\/p><\/div>\n\n\n<div style=\"height:0px\" aria-hidden=\"true\" class=\"wp-block-spacer wp-container-content-32e3a40d\"><\/div>\n<\/div>\n\n<\/li><li class=\"wp-block-post post-137 post type-post status-publish format-standard has-post-thumbnail hentry category-allgemein category-dokumente category-u-haft\">\n<figure style=\"aspect-ratio:3\/2; margin-bottom:var(--wp--preset--spacing--20);\" class=\"wp-block-post-featured-image\"><a href=\"https:\/\/spannmann.de\/index.php\/2025\/04\/21\/entlassungsersuchen\/\" target=\"_self\"  ><img loading=\"lazy\" decoding=\"async\" width=\"1225\" height=\"1752\" src=\"https:\/\/spannmann.de\/wp-content\/uploads\/2025\/04\/Entlassungsersuchen_uHaft_MS.jpg\" class=\"attachment-post-thumbnail size-post-thumbnail wp-post-image\" alt=\"Entlassungsersuchen\" style=\"width:100%;height:100%;object-fit:cover;\" srcset=\"https:\/\/spannmann.de\/wp-content\/uploads\/2025\/04\/Entlassungsersuchen_uHaft_MS.jpg 1225w, https:\/\/spannmann.de\/wp-content\/uploads\/2025\/04\/Entlassungsersuchen_uHaft_MS-210x300.jpg 210w, https:\/\/spannmann.de\/wp-content\/uploads\/2025\/04\/Entlassungsersuchen_uHaft_MS-716x1024.jpg 716w, https:\/\/spannmann.de\/wp-content\/uploads\/2025\/04\/Entlassungsersuchen_uHaft_MS-768x1098.jpg 768w, https:\/\/spannmann.de\/wp-content\/uploads\/2025\/04\/Entlassungsersuchen_uHaft_MS-1074x1536.jpg 1074w\" sizes=\"auto, (max-width: 1225px) 100vw, 1225px\" \/><\/a><\/figure>\n\n\n<div class=\"wp-block-group is-vertical is-nowrap is-layout-flex wp-container-core-group-is-layout-e24a6dc5 wp-block-group-is-layout-flex\"><h2 style=\"margin-bottom:0;\" class=\"wp-block-post-title has-x-large-font-size\"><a href=\"https:\/\/spannmann.de\/index.php\/2025\/04\/21\/entlassungsersuchen\/\" target=\"_self\" >Entlassungsersuchen<\/a><\/h2>\n\n\n\n<div class=\"wp-block-post-excerpt has-small-font-size\"><p class=\"wp-block-post-excerpt__excerpt\">Hier seht ihr ein Entlassungsersuchen. Mit diesem Ausdruck muss man Dich nach der Untersuchungshaft sofort entlassen. #Entlassungsersuchen #U-Haft <\/p><\/div>\n\n\n<div style=\"height:0px\" aria-hidden=\"true\" class=\"wp-block-spacer wp-container-content-32e3a40d\"><\/div>\n<\/div>\n\n<\/li><li class=\"wp-block-post post-124 post type-post status-publish format-standard has-post-thumbnail hentry category-allgemein category-dokumente\">\n<figure style=\"aspect-ratio:3\/2; margin-bottom:var(--wp--preset--spacing--20);\" class=\"wp-block-post-featured-image\"><a href=\"https:\/\/spannmann.de\/index.php\/2025\/04\/21\/haftbescheinigung\/\" target=\"_self\"  ><img loading=\"lazy\" decoding=\"async\" width=\"1560\" height=\"1526\" src=\"https:\/\/spannmann.de\/wp-content\/uploads\/2025\/04\/Haftbescheinigung_HE.jpg\" class=\"attachment-post-thumbnail size-post-thumbnail wp-post-image\" alt=\"Haftbescheinigung\" style=\"width:100%;height:100%;object-fit:cover;\" srcset=\"https:\/\/spannmann.de\/wp-content\/uploads\/2025\/04\/Haftbescheinigung_HE.jpg 1560w, https:\/\/spannmann.de\/wp-content\/uploads\/2025\/04\/Haftbescheinigung_HE-300x293.jpg 300w, https:\/\/spannmann.de\/wp-content\/uploads\/2025\/04\/Haftbescheinigung_HE-1024x1002.jpg 1024w, https:\/\/spannmann.de\/wp-content\/uploads\/2025\/04\/Haftbescheinigung_HE-768x751.jpg 768w, https:\/\/spannmann.de\/wp-content\/uploads\/2025\/04\/Haftbescheinigung_HE-1536x1503.jpg 1536w\" sizes=\"auto, (max-width: 1560px) 100vw, 1560px\" \/><\/a><\/figure>\n\n\n<div class=\"wp-block-group is-vertical is-nowrap is-layout-flex wp-container-core-group-is-layout-e24a6dc5 wp-block-group-is-layout-flex\"><h2 style=\"margin-bottom:0;\" class=\"wp-block-post-title has-x-large-font-size\"><a href=\"https:\/\/spannmann.de\/index.php\/2025\/04\/21\/haftbescheinigung\/\" target=\"_self\" >Haftbescheinigung<\/a><\/h2>\n\n\n\n<div class=\"wp-block-post-excerpt has-small-font-size\"><p class=\"wp-block-post-excerpt__excerpt\">So sieht eine Haftbescheinigung aus! #Haftbescheinigung <\/p><\/div>\n\n\n<div style=\"height:0px\" aria-hidden=\"true\" class=\"wp-block-spacer wp-container-content-32e3a40d\"><\/div>\n<\/div>\n\n<\/li><li class=\"wp-block-post post-119 post type-post status-publish format-standard hentry category-allgemein category-test\">\n\n\n\n<div class=\"wp-block-group is-vertical is-nowrap is-layout-flex wp-container-core-group-is-layout-e24a6dc5 wp-block-group-is-layout-flex\"><h2 style=\"margin-bottom:0;\" class=\"wp-block-post-title has-x-large-font-size\"><a href=\"https:\/\/spannmann.de\/index.php\/2025\/04\/21\/nun-wird-getestet\/\" target=\"_self\" >Nun wird getestet&#8230;<\/a><\/h2>\n\n\n\n<div class=\"wp-block-post-excerpt has-small-font-size\"><p class=\"wp-block-post-excerpt__excerpt\">Ich hab&#8216; ewig keine WordPress Installation mehr aufgesetzt. Nun t\u00fcftele ich mich ans Ziel. Mittlerweile gibt es ja schon Version 6.8 . <\/p><\/div>\n\n\n<div style=\"height:0px\" aria-hidden=\"true\" class=\"wp-block-spacer wp-container-content-32e3a40d\"><\/div>\n<\/div>\n\n<\/li><li class=\"wp-block-post post-1 post type-post status-publish format-standard hentry category-allgemein\">\n\n\n\n<div class=\"wp-block-group is-vertical is-nowrap is-layout-flex wp-container-core-group-is-layout-e24a6dc5 wp-block-group-is-layout-flex\"><h2 style=\"margin-bottom:0;\" class=\"wp-block-post-title has-x-large-font-size\"><a href=\"https:\/\/spannmann.de\/index.php\/2025\/04\/18\/hallo-welt\/\" target=\"_self\" >Hallo Welt!<\/a><\/h2>\n\n\n\n<div class=\"wp-block-post-excerpt has-small-font-size\"><p class=\"wp-block-post-excerpt__excerpt\">Willkommen bei WordPress. Dies ist dein erster Beitrag. Bearbeite oder l\u00f6sche ihn und beginne mit dem Schreiben! <\/p><\/div>\n\n\n<div style=\"height:0px\" aria-hidden=\"true\" class=\"wp-block-spacer wp-container-content-32e3a40d\"><\/div>\n<\/div>\n\n<\/li><\/ul>\n\n\n<div style=\"margin-top:0;margin-bottom:0;height:var(--wp--preset--spacing--50)\" aria-hidden=\"true\" class=\"wp-block-spacer\"><\/div>\n\n\n<\/div><\/div>\n<\/div>\n<\/div>\n<\/div>\n<\/div><\/div>\n\n\n\n<div class=\"wp-block-group alignfull\" style=\"margin-top:0;margin-bottom:0\"><div class=\"wp-block-group__inner-container is-layout-constrained wp-block-group-is-layout-constrained\">\n<div class=\"wp-block-group alignwide\" style=\"padding-top:var(--wp--preset--spacing--50);padding-bottom:var(--wp--preset--spacing--50)\"><div class=\"wp-block-group__inner-container is-layout-flow wp-block-group-is-layout-flow\">\n<h2 class=\"wp-block-heading has-x-large-font-size\">H\u00e4ufiges!<\/h2>\n\n\n\n<div class=\"wp-block-columns is-layout-flex wp-container-core-columns-is-layout-3da6863c wp-block-columns-is-layout-flex\">\n<div class=\"wp-block-column is-layout-flow wp-block-column-is-layout-flow\">\n<div class=\"wp-block-group\" style=\"border-top-color:var(--wp--preset--color--accent-6);border-top-width:1px;padding-top:var(--wp--preset--spacing--30);padding-bottom:var(--wp--preset--spacing--30)\"><div class=\"wp-block-group__inner-container is-layout-flow wp-block-group-is-layout-flow\">\n<h3 class=\"wp-block-heading\">Tipps f\u00fcr den Anfang!<\/h3>\n\n\n\n<p>Klicke hier, um zu einer kleinen Sammlung von Erfahrungsberichten zu gelangen. <br>Profitiere von den Fehlern anderer.<\/p>\n<\/div><\/div>\n<\/div>\n\n\n\n<div class=\"wp-block-column is-layout-flow wp-block-column-is-layout-flow\">\n<div class=\"wp-block-group\" style=\"border-top-color:var(--wp--preset--color--accent-6);border-top-width:1px;padding-top:var(--wp--preset--spacing--30);padding-bottom:var(--wp--preset--spacing--30)\"><div class=\"wp-block-group__inner-container is-layout-flow wp-block-group-is-layout-flow\">\n<h3 class=\"wp-block-heading\">U-Haft ist ekelig!<\/h3>\n\n\n\n<p>Jau&#8230; von Jetzt auf Gleich aus der Freiheit gerissen zu werden, ist schon ein ganz besonderer Fick. <br>Leicht gesagt, schwer umgesetzten: Beruhige Dich!<\/p>\n<\/div><\/div>\n<\/div>\n<\/div>\n\n\n\n<div class=\"wp-block-columns is-layout-flex wp-container-core-columns-is-layout-3da6863c wp-block-columns-is-layout-flex\">\n<div class=\"wp-block-column is-layout-flow wp-block-column-is-layout-flow\">\n<div class=\"wp-block-group\" style=\"border-top-color:var(--wp--preset--color--accent-6);border-top-width:1px;padding-top:var(--wp--preset--spacing--30);padding-bottom:var(--wp--preset--spacing--30)\"><div class=\"wp-block-group__inner-container is-layout-flow wp-block-group-is-layout-flow\">\n<h3 class=\"wp-block-heading\">Ganz sicher! Irgendwann geht&#8217;s raus!<\/h3>\n\n\n\n<p>Wenn Du nicht in Sicherheitsverwahrung kommst, geht&#8216; es f\u00fcr Dich irgendwann raus. Tipps zur Entlassung findest Du hier.<\/p>\n<\/div><\/div>\n<\/div>\n\n\n\n<div class=\"wp-block-column is-layout-flow wp-block-column-is-layout-flow\">\n<div class=\"wp-block-group\" style=\"border-top-color:var(--wp--preset--color--accent-6);border-top-width:1px;padding-top:var(--wp--preset--spacing--30);padding-bottom:var(--wp--preset--spacing--30)\"><div class=\"wp-block-group__inner-container is-layout-flow wp-block-group-is-layout-flow\">\n<h3 class=\"wp-block-heading\">Bau kein Schei\u00df w\u00e4hrend der Haft!<\/h3>\n\n\n\n<p>So manche Leute schmuggeln Handys, oder anderes verbotenes Zeug mit in die Anstalt. Das k\u00f6nnte \u00c4rger geben. Wie Du trouble vermeiden kannst, liest Du hier!<\/p>\n<\/div><\/div>\n<\/div>\n<\/div>\n<\/div><\/div>\n<\/div><\/div>\n\n\n\n<aside class=\"wp-block-group alignfull is-style-section-3\" style=\"margin-top:0;margin-bottom:0;padding-top:var(--wp--preset--spacing--50);padding-right:var(--wp--preset--spacing--50);padding-bottom:var(--wp--preset--spacing--50);padding-left:var(--wp--preset--spacing--50)\"><div class=\"wp-block-group__inner-container is-layout-constrained wp-container-core-group-is-layout-f69f53e0 wp-block-group-is-layout-constrained\">\n<div class=\"wp-block-group is-vertical is-content-justification-center is-layout-flex wp-container-core-group-is-layout-2e2aa035 wp-block-group-is-layout-flex\" style=\"min-height:360px;margin-top:0;margin-bottom:0\">\n<h2 class=\"wp-block-heading has-text-align-center has-xx-large-font-size\">Der beste Tipp:<br>Werd&#8216; gar nicht erst kriminell!<\/h2>\n\n\n\n<p class=\"has-text-align-center is-style-text-subtitle\">Wir sind auch an Deinen Erfahrungen interessiert! Mach mit! Und bereichere uns mit Deinen Geschichten und Dokumenten (in anonymisierter Form)<\/p>\n\n\n\n<div style=\"height:0px\" aria-hidden=\"true\" class=\"wp-block-spacer wp-container-content-62aae154\"><\/div>\n<\/div>\n<\/div><\/aside>\n","protected":false},"excerpt":{"rendered":"<p>Spannmann (bzw. Spannm\u00e4nner) bezeichnet im allgemeinen Personen, die gemeinsam von einem Vorgesetzten zugewiesene Arbeit verrichten &#8222;m\u00fcssen&#8220;.Im Strafvollzug steht dieser Begriff f\u00fcr einen zugewiesener &#8222;Mitbewohner&#8220;, mit dem sich ein Gefangener eine Zelle (bzw. Haftraum) teilen muss. Spannm\u00e4nner sind nach einer gewissen Zeit miteinander verbr\u00fcdert. Sodass sich besondere Beziehungen zwischen diesen Inhaftierten entwickeln. F\u00fcr diese Internetseite ist [&hellip;]<\/p>\n","protected":false},"author":1,"featured_media":0,"parent":0,"menu_order":0,"comment_status":"closed","ping_status":"closed","template":"","meta":{"_bbp_topic_count":0,"_bbp_reply_count":0,"_bbp_total_topic_count":0,"_bbp_total_reply_count":0,"_bbp_voice_count":0,"_bbp_anonymous_reply_count":0,"_bbp_topic_count_hidden":0,"_bbp_reply_count_hidden":0,"_bbp_forum_subforum_count":0,"hide_page_title":"","footnotes":""},"class_list":["post-7","page","type-page","status-publish","hentry"],"_links":{"self":[{"href":"https:\/\/spannmann.de\/index.php\/wp-json\/wp\/v2\/pages\/7","targetHints":{"allow":["GET"]}}],"collection":[{"href":"https:\/\/spannmann.de\/index.php\/wp-json\/wp\/v2\/pages"}],"about":[{"href":"https:\/\/spannmann.de\/index.php\/wp-json\/wp\/v2\/types\/page"}],"author":[{"embeddable":true,"href":"https:\/\/spannmann.de\/index.php\/wp-json\/wp\/v2\/users\/1"}],"replies":[{"embeddable":true,"href":"https:\/\/spannmann.de\/index.php\/wp-json\/wp\/v2\/comments?post=7"}],"version-history":[{"count":35,"href":"https:\/\/spannmann.de\/index.php\/wp-json\/wp\/v2\/pages\/7\/revisions"}],"predecessor-version":[{"id":192,"href":"https:\/\/spannmann.de\/index.php\/wp-json\/wp\/v2\/pages\/7\/revisions\/192"}],"wp:attachment":[{"href":"https:\/\/spannmann.de\/index.php\/wp-json\/wp\/v2\/media?parent=7"}],"curies":[{"name":"wp","href":"https:\/\/api.w.org\/{rel}","templated":true}]}}