{"id":42,"date":"2025-04-20T18:07:53","date_gmt":"2025-04-20T16:07:53","guid":{"rendered":"http:\/\/wp12672448.server-he.de\/spannmann\/?page_id=42"},"modified":"2025-04-21T15:33:08","modified_gmt":"2025-04-21T13:33:08","slug":"dokumente","status":"publish","type":"page","link":"http:\/\/spannmann.de\/index.php\/dokumente\/","title":{"rendered":"Dokumente"},"content":{"rendered":"\n<p>Es ist in Planung, hier eine Sammlung von verschiedenen Dokumenten einzurichten. Anonymisierte Kopien von Urteilen, Stellungnahmen und anwaltlichen Briefen k\u00f6nnen Dir helfen Dich zu orientieren.<\/p>\n\n\n\n<p>Wenn Du uns unterst\u00fctzen willst, lade Deine Dokumente hier hoch (alle pers\u00f6nlichen Angaben werden von uns unkenntlich gemacht). Danke!<br><\/p>\n\n\n\n<div class=\"wp-block-query is-layout-constrained wp-block-query-is-layout-constrained\">\n<div class=\"wp-block-group\" style=\"margin-top:0;margin-bottom:0;padding-top:var(--wp--preset--spacing--50);padding-right:0;padding-bottom:var(--wp--preset--spacing--50);padding-left:0\"><div class=\"wp-block-group__inner-container is-layout-flow wp-block-group-is-layout-flow\"><ul class=\"alignfull wp-block-post-template is-layout-flow wp-block-post-template-is-layout-flow\"><li class=\"wp-block-post post-137 post type-post status-publish format-standard has-post-thumbnail hentry category-allgemein category-dokumente category-u-haft\">\n<figure style=\"aspect-ratio:3\/2; margin-bottom:var(--wp--preset--spacing--20);\" class=\"wp-block-post-featured-image\"><a href=\"http:\/\/spannmann.de\/index.php\/2025\/04\/21\/entlassungsersuchen\/\" target=\"_self\"  ><img loading=\"lazy\" decoding=\"async\" width=\"1225\" height=\"1752\" src=\"http:\/\/spannmann.de\/wp-content\/uploads\/2025\/04\/Entlassungsersuchen_uHaft_MS.jpg\" class=\"attachment-post-thumbnail size-post-thumbnail wp-post-image\" alt=\"Entlassungsersuchen\" style=\"width:100%;height:100%;object-fit:cover;\" srcset=\"http:\/\/spannmann.de\/wp-content\/uploads\/2025\/04\/Entlassungsersuchen_uHaft_MS.jpg 1225w, http:\/\/spannmann.de\/wp-content\/uploads\/2025\/04\/Entlassungsersuchen_uHaft_MS-210x300.jpg 210w, http:\/\/spannmann.de\/wp-content\/uploads\/2025\/04\/Entlassungsersuchen_uHaft_MS-716x1024.jpg 716w, http:\/\/spannmann.de\/wp-content\/uploads\/2025\/04\/Entlassungsersuchen_uHaft_MS-768x1098.jpg 768w, http:\/\/spannmann.de\/wp-content\/uploads\/2025\/04\/Entlassungsersuchen_uHaft_MS-1074x1536.jpg 1074w\" sizes=\"auto, (max-width: 1225px) 100vw, 1225px\" \/><\/a><\/figure>\n\n\n<div class=\"wp-block-group is-vertical is-nowrap is-layout-flex wp-container-core-group-is-layout-e24a6dc5 wp-block-group-is-layout-flex\"><h2 style=\"margin-bottom:0;\" class=\"wp-block-post-title has-x-large-font-size\"><a href=\"http:\/\/spannmann.de\/index.php\/2025\/04\/21\/entlassungsersuchen\/\" target=\"_self\" >Entlassungsersuchen<\/a><\/h2>\n\n\n\n<div class=\"wp-block-post-excerpt has-small-font-size\"><p class=\"wp-block-post-excerpt__excerpt\">Hier seht ihr ein Entlassungsersuchen. Mit diesem Ausdruck muss man Dich nach der Untersuchungshaft sofort entlassen. #Entlassungsersuchen #U-Haft <\/p><\/div>\n\n\n<div style=\"height:0px\" aria-hidden=\"true\" class=\"wp-block-spacer wp-container-content-32e3a40d\"><\/div>\n<\/div>\n\n<\/li><li class=\"wp-block-post post-124 post type-post status-publish format-standard has-post-thumbnail hentry category-allgemein category-dokumente\">\n<figure style=\"aspect-ratio:3\/2; margin-bottom:var(--wp--preset--spacing--20);\" class=\"wp-block-post-featured-image\"><a href=\"http:\/\/spannmann.de\/index.php\/2025\/04\/21\/haftbescheinigung\/\" target=\"_self\"  ><img loading=\"lazy\" decoding=\"async\" width=\"1560\" height=\"1526\" src=\"http:\/\/spannmann.de\/wp-content\/uploads\/2025\/04\/Haftbescheinigung_HE.jpg\" class=\"attachment-post-thumbnail size-post-thumbnail wp-post-image\" alt=\"Haftbescheinigung\" style=\"width:100%;height:100%;object-fit:cover;\" srcset=\"http:\/\/spannmann.de\/wp-content\/uploads\/2025\/04\/Haftbescheinigung_HE.jpg 1560w, http:\/\/spannmann.de\/wp-content\/uploads\/2025\/04\/Haftbescheinigung_HE-300x293.jpg 300w, http:\/\/spannmann.de\/wp-content\/uploads\/2025\/04\/Haftbescheinigung_HE-1024x1002.jpg 1024w, http:\/\/spannmann.de\/wp-content\/uploads\/2025\/04\/Haftbescheinigung_HE-768x751.jpg 768w, http:\/\/spannmann.de\/wp-content\/uploads\/2025\/04\/Haftbescheinigung_HE-1536x1503.jpg 1536w\" sizes=\"auto, (max-width: 1560px) 100vw, 1560px\" \/><\/a><\/figure>\n\n\n<div class=\"wp-block-group is-vertical is-nowrap is-layout-flex wp-container-core-group-is-layout-e24a6dc5 wp-block-group-is-layout-flex\"><h2 style=\"margin-bottom:0;\" class=\"wp-block-post-title has-x-large-font-size\"><a href=\"http:\/\/spannmann.de\/index.php\/2025\/04\/21\/haftbescheinigung\/\" target=\"_self\" >Haftbescheinigung<\/a><\/h2>\n\n\n\n<div class=\"wp-block-post-excerpt has-small-font-size\"><p class=\"wp-block-post-excerpt__excerpt\">So sieht eine Haftbescheinigung aus! #Haftbescheinigung <\/p><\/div>\n\n\n<div style=\"height:0px\" aria-hidden=\"true\" class=\"wp-block-spacer wp-container-content-32e3a40d\"><\/div>\n<\/div>\n\n<\/li><\/ul>\n\n\n<div style=\"margin-top:0;margin-bottom:0;height:var(--wp--preset--spacing--50)\" aria-hidden=\"true\" class=\"wp-block-spacer\"><\/div>\n\n\n<\/div><\/div>\n<\/div>\n","protected":false},"excerpt":{"rendered":"<p>Es ist in Planung, hier eine Sammlung von verschiedenen Dokumenten einzurichten. Anonymisierte Kopien von Urteilen, Stellungnahmen und anwaltlichen Briefen k\u00f6nnen Dir helfen Dich zu orientieren. Wenn Du uns unterst\u00fctzen willst, lade Deine Dokumente hier hoch (alle pers\u00f6nlichen Angaben werden von uns unkenntlich gemacht). Danke!<\/p>\n","protected":false},"author":1,"featured_media":0,"parent":0,"menu_order":0,"comment_status":"closed","ping_status":"closed","template":"","meta":{"_bbp_topic_count":0,"_bbp_reply_count":0,"_bbp_total_topic_count":0,"_bbp_total_reply_count":0,"_bbp_voice_count":0,"_bbp_anonymous_reply_count":0,"_bbp_topic_count_hidden":0,"_bbp_reply_count_hidden":0,"_bbp_forum_subforum_count":0,"hide_page_title":"","footnotes":""},"class_list":["post-42","page","type-page","status-publish","hentry"],"_links":{"self":[{"href":"http:\/\/spannmann.de\/index.php\/wp-json\/wp\/v2\/pages\/42","targetHints":{"allow":["GET"]}}],"collection":[{"href":"http:\/\/spannmann.de\/index.php\/wp-json\/wp\/v2\/pages"}],"about":[{"href":"http:\/\/spannmann.de\/index.php\/wp-json\/wp\/v2\/types\/page"}],"author":[{"embeddable":true,"href":"http:\/\/spannmann.de\/index.php\/wp-json\/wp\/v2\/users\/1"}],"replies":[{"embeddable":true,"href":"http:\/\/spannmann.de\/index.php\/wp-json\/wp\/v2\/comments?post=42"}],"version-history":[{"count":7,"href":"http:\/\/spannmann.de\/index.php\/wp-json\/wp\/v2\/pages\/42\/revisions"}],"predecessor-version":[{"id":136,"href":"http:\/\/spannmann.de\/index.php\/wp-json\/wp\/v2\/pages\/42\/revisions\/136"}],"wp:attachment":[{"href":"http:\/\/spannmann.de\/index.php\/wp-json\/wp\/v2\/media?parent=42"}],"curies":[{"name":"wp","href":"https:\/\/api.w.org\/{rel}","templated":true}]}}